{"id":156,"date":"2020-10-07T11:58:28","date_gmt":"2020-10-07T11:58:28","guid":{"rendered":"http:\/\/riversideluxurysuites.com\/?page_id=156"},"modified":"2021-03-02T06:48:10","modified_gmt":"2021-03-02T06:48:10","slug":"tietosuoja-ja-rekisteriseloste","status":"publish","type":"page","link":"https:\/\/riversideluxurysuites.com\/fi\/tietosuoja-ja-rekisteriseloste\/","title":{"rendered":"Tietosuoja- ja rekisteriseloste"},"content":{"rendered":"[et_pb_section fb_built=&#8221;1&#8243; _builder_version=&#8221;4.6.5&#8243; _module_preset=&#8221;default&#8221;][et_pb_row _builder_version=&#8221;4.6.5&#8243; _module_preset=&#8221;default&#8221;][et_pb_column _builder_version=&#8221;4.6.5&#8243; _module_preset=&#8221;default&#8221; type=&#8221;4_4&#8243;][et_pb_text _builder_version=&#8221;4.6.5&#8243; _module_preset=&#8221;default&#8221; hover_enabled=&#8221;0&#8243; sticky_enabled=&#8221;0&#8243; text_font_size=&#8221;18px&#8221; text_line_height=&#8221;1.6em&#8221; header_2_font=&#8221;|600|||||||&#8221; text_font=&#8221;|300|||||||&#8221;]<h2 style=\"text-align: center;\">Tietosuoja- ja rekisteriseloste<\/h2>\n<p>&nbsp;<\/p>\n<p style=\"text-align: center;\">Riverside Luxury Suites ker\u00e4\u00e4 t\u00e4ll\u00e4 sivustolla ev\u00e4steit\u00e4, seurantatietoja sek\u00e4 yhteystietoja lomakkeiden kautta. L\u00e4hett\u00e4m\u00e4ll\u00e4 mink\u00e4 tahansa lomakkeen sivustojen kautta, hyv\u00e4ksyt sen, ett\u00e4 voimme olla teihin yhteydess\u00e4 puhelimitse, s\u00e4hk\u00f6postilla tai l\u00e4hett\u00e4m\u00e4ll\u00e4 teille uutiskirjeit\u00e4mme. \u200bK\u00e4ytt\u00e4m\u00e4ll\u00e4 sivustoa hyv\u00e4ksyt ev\u00e4steiden ker\u00e4\u00e4misen sek\u00e4 sen ett\u00e4 analysoimme sivuston k\u00e4ytt\u00e4jien k\u00e4ytt\u00e4ytymist\u00e4 sivustolla.<\/p>\n<p style=\"text-align: center;\">\u200b<br \/> T\u00e4m\u00e4 on Yrityksen henkil\u00f6tietolain (10 ja 24 \u00a7) ja EU:n yleisen tietosuoja-asetuksen (GDPR) mukainen tietosuoja-ja reksiteriseloste. Laadittu 07.10.2020. Viimeisin muutos 07.10.2020.<\/p>\n<p style=\"text-align: center;\"><\/p>\n<p style=\"text-align: center;\">1. Rekisterinpit\u00e4j\u00e4<br \/> Lapin uudiskodit Oy,\u00a0<span>2923560-4<\/span><\/p>\n<p style=\"text-align: center;\"><\/p>\n<p style=\"text-align: center;\">2. Rekisterist\u00e4 vastaava yhteyshenkil\u00f6<br \/> Milla Lehtisalo, milla@lapinuudiskodit.fi, +358 40 581 1743<\/p>\n<p style=\"text-align: center;\"><\/p>\n<p style=\"text-align: center;\">3. Rekisterin nimi<br \/> Lapin uudiskodit Oy:n asiakasrekisteri<\/p>\n<p style=\"text-align: center;\"><\/p>\n<p style=\"text-align: center;\">4. Oikeusperuste ja henkil\u00f6tietojen k\u00e4sittelyn tarkoitus<br \/> EU:n yleisen tietosuoja-asetuksen mukainen oikeusperuste henkil\u00f6tietojen k\u00e4sittelylle on \u2013 sopimus, jossa rekister\u00f6ity on osapuolena. Henkil\u00f6tietojen k\u00e4sittelyn tarkoitus on yhteydenpito asiakkaisiin, asiakassuhteen yll\u00e4pito sek\u00e4 markkinointi. Tietoja ei k\u00e4ytet\u00e4 automatisoituun p\u00e4\u00e4t\u00f6ksentekoon tai profilointiin.<\/p>\n<p style=\"text-align: center;\"><\/p>\n<p style=\"text-align: center;\">5. Rekisterin tietosis\u00e4lt\u00f6<br \/> Rekisteriin tallennettavia tietoja ovat: henkil\u00f6n nimi, yritys\/organisaatio, yhteystiedot (puhelinnumero, s\u00e4hk\u00f6postiosoite, osoite), laskutustiedot, muut asiakassuhteeseen ja tilattuihin palveluihin liittyv\u00e4t tiedot. Lis\u00e4ksi ker\u00e4\u00e4mme tietoja sivuston k\u00e4vij\u00f6iden k\u00e4ytt\u00e4ytymisest\u00e4 sivustolla.<\/p>\n<p style=\"text-align: center;\"><\/p>\n<p style=\"text-align: center;\">6. S\u00e4\u00e4nn\u00f6nmukaiset tietol\u00e4hteet<br \/> Rekisteriin tallennettavat tiedot saadaan asiakkaalta mm. www-lomakkeilla l\u00e4hetetyist\u00e4 viesteist\u00e4, s\u00e4hk\u00f6postitse, puhelimitse, sosiaalisen median palvelujen kautta, sopimuksista, asiakastapaamisista ja muista tilanteista, joissa asiakas luovuttaa tietojaan. K\u00e4yt\u00e4mme sivustolla my\u00f6s Googlen seuranta-analytiikkaa ker\u00e4\u00e4vi\u00e4 tietol\u00e4hteit\u00e4, kuten Google Analyticsi\u00e4 sek\u00e4 Google track global t\u00e4gej\u00e4.<\/p>\n<p style=\"text-align: center;\"><\/p>\n<p style=\"text-align: center;\">7. Tietojen s\u00e4\u00e4nn\u00f6nmukaiset luovutukset ja tietojen siirto EU:n tai ETA:n ulkopuolelle<br \/> Tietoja ei luovuteta s\u00e4\u00e4nn\u00f6nmukaisesti muille tahoille.<\/p>\n<p style=\"text-align: center;\"><\/p>\n<p style=\"text-align: center;\">8. Rekisterin suojauksen periaatteet<br \/> Rekisterin k\u00e4sittelyss\u00e4 noudatetaan huolellisuutta ja tietoj\u00e4rjestelmien avulla k\u00e4sitelt\u00e4v\u00e4t tiedot suojataan asianmukaisesti. Kun rekisteritietoja s\u00e4ilytet\u00e4\u00e4n Internet-palvelimilla, niiden laitteiston fyysisest\u00e4 ja digitaalisesta tietoturvasta huolehditaan asiaankuuluvasti. Rekisterinpit\u00e4j\u00e4 huolehtii siit\u00e4, ett\u00e4 tallennettuja tietoja sek\u00e4 palvelimien k\u00e4ytt\u00f6oikeuksia ja muita henkil\u00f6tietojen turvallisuuden kannalta kriittisi\u00e4 tietoja k\u00e4sitell\u00e4\u00e4n luottamuksellisesti ja vain niiden ty\u00f6ntekij\u00f6iden toimesta, joiden ty\u00f6nkuvaan se kuuluu.<\/p>\n<p style=\"text-align: center;\"><\/p>\n<p style=\"text-align: center;\">9. Tarkastusoikeus ja oikeus vaatia tiedon korjaamista<br \/> Jokaisella rekisteriss\u00e4 olevalla henkil\u00f6ll\u00e4 on oikeus tarkistaa rekisteriin tallennetut tietonsa ja vaatia mahdollisen virheellisen tiedon korjaamista tai puutteellisen tiedon t\u00e4ydent\u00e4mist\u00e4. Mik\u00e4li henkil\u00f6 haluaa tarkistaa h\u00e4nest\u00e4 tallennetut tiedot tai vaatia niihin oikaisua, pyynt\u00f6 tulee l\u00e4hett\u00e4\u00e4 kirjallisesti rekisterinpit\u00e4j\u00e4lle. Rekisterinpit\u00e4j\u00e4 voi pyyt\u00e4\u00e4 tarvittaessa pyynn\u00f6n esitt\u00e4j\u00e4\u00e4 todistamaan henkil\u00f6llisyytens\u00e4. Rekisterinpit\u00e4j\u00e4 vastaa asiakkaalle EU:n tietosuoja-asetuksessa s\u00e4\u00e4detyss\u00e4 ajassa (p\u00e4\u00e4s\u00e4\u00e4nt\u00f6isesti kuukauden kuluessa).<\/p>\n<p style=\"text-align: center;\"><\/p>\n<p style=\"text-align: center;\">10. Muut henkil\u00f6tietojen k\u00e4sittelyyn liittyv\u00e4t oikeudet<br \/> Rekisteriss\u00e4 olevalla henkil\u00f6ll\u00e4 on oikeus pyyt\u00e4\u00e4 h\u00e4nt\u00e4 koskevien henkil\u00f6tietojen poistamiseen rekisterist\u00e4 (\u201coikeus tulla unohdetuksi\u201d). Niin ik\u00e4\u00e4n rekister\u00f6idyill\u00e4 on muut EU:n yleisen tietosuojaasetuksen mukaiset oikeudet kuten henkil\u00f6tietojen k\u00e4sittelyn rajoittaminen tietyiss\u00e4 tilanteissa. Pyynn\u00f6t tulee l\u00e4hett\u00e4\u00e4 kirjallisesti rekisterinpit\u00e4j\u00e4lle. Rekisterinpit\u00e4j\u00e4 voi pyyt\u00e4\u00e4 tarvittaessa pyynn\u00f6n esitt\u00e4j\u00e4\u00e4 todistamaan henkil\u00f6llisyytens\u00e4. Rekisterinpit\u00e4j\u00e4 vastaa asiakkaalle EU:n tietosuoja-asetuksessa s\u00e4\u00e4detyss\u00e4 ajassa (p\u00e4\u00e4s\u00e4\u00e4nt\u00f6isesti kuukauden kuluessa).<\/p>[\/et_pb_text][\/et_pb_column][\/et_pb_row][\/et_pb_section]","protected":false},"excerpt":{"rendered":"<p>Tietosuoja- ja rekisteriseloste &nbsp; Riverside Luxury Suites ker\u00e4\u00e4 t\u00e4ll\u00e4 sivustolla ev\u00e4steit\u00e4, seurantatietoja sek\u00e4 yhteystietoja lomakkeiden kautta. L\u00e4hett\u00e4m\u00e4ll\u00e4 mink\u00e4 tahansa lomakkeen sivustojen kautta, hyv\u00e4ksyt sen, ett\u00e4 voimme olla teihin yhteydess\u00e4 puhelimitse, s\u00e4hk\u00f6postilla tai l\u00e4hett\u00e4m\u00e4ll\u00e4 teille uutiskirjeit\u00e4mme. \u200bK\u00e4ytt\u00e4m\u00e4ll\u00e4 sivustoa hyv\u00e4ksyt ev\u00e4steiden ker\u00e4\u00e4misen sek\u00e4 sen ett\u00e4 analysoimme sivuston k\u00e4ytt\u00e4jien k\u00e4ytt\u00e4ytymist\u00e4 sivustolla. \u200b T\u00e4m\u00e4 on Yrityksen henkil\u00f6tietolain (10 ja [&hellip;]<\/p>","protected":false},"author":1,"featured_media":0,"parent":0,"menu_order":0,"comment_status":"closed","ping_status":"closed","template":"","meta":{"_seopress_robots_primary_cat":"","_seopress_titles_title":"Tietosuoja- ja rekisteriseloste | Riverside Luxury Suites","_seopress_titles_desc":"Voit tutustua tarkemmin tietosuoja- ja rekisteriselosteeseemme.","_seopress_robots_index":"","_et_pb_use_builder":"on","_et_pb_old_content":"","_et_gb_content_width":"","footnotes":""},"class_list":["post-156","page","type-page","status-publish","hentry"],"_links":{"self":[{"href":"https:\/\/riversideluxurysuites.com\/fi\/wp-json\/wp\/v2\/pages\/156","targetHints":{"allow":["GET"]}}],"collection":[{"href":"https:\/\/riversideluxurysuites.com\/fi\/wp-json\/wp\/v2\/pages"}],"about":[{"href":"https:\/\/riversideluxurysuites.com\/fi\/wp-json\/wp\/v2\/types\/page"}],"author":[{"embeddable":true,"href":"https:\/\/riversideluxurysuites.com\/fi\/wp-json\/wp\/v2\/users\/1"}],"replies":[{"embeddable":true,"href":"https:\/\/riversideluxurysuites.com\/fi\/wp-json\/wp\/v2\/comments?post=156"}],"version-history":[{"count":4,"href":"https:\/\/riversideluxurysuites.com\/fi\/wp-json\/wp\/v2\/pages\/156\/revisions"}],"predecessor-version":[{"id":1018,"href":"https:\/\/riversideluxurysuites.com\/fi\/wp-json\/wp\/v2\/pages\/156\/revisions\/1018"}],"wp:attachment":[{"href":"https:\/\/riversideluxurysuites.com\/fi\/wp-json\/wp\/v2\/media?parent=156"}],"curies":[{"name":"wp","href":"https:\/\/api.w.org\/{rel}","templated":true}]}}