{"id":876,"date":"2021-02-25T08:39:41","date_gmt":"2021-02-25T08:39:41","guid":{"rendered":"http:\/\/riversideluxurysuites.com\/huoneistot\/"},"modified":"2021-03-02T08:17:25","modified_gmt":"2021-03-02T08:17:25","slug":"huoneistot","status":"publish","type":"page","link":"https:\/\/riversideluxurysuites.com\/fi\/huoneistot\/","title":{"rendered":"Huoneistot"},"content":{"rendered":"[et_pb_section fb_built=&#8221;1&#8243; _builder_version=&#8221;4.9.0&#8243; _module_preset=&#8221;default&#8221; custom_padding=&#8221;1px||0px|||&#8221; border_width_bottom=&#8221;1px&#8221; border_color_bottom=&#8221;#000000&#8243; global_module=&#8221;693&#8243; saved_tabs=&#8221;all&#8221;][et_pb_row column_structure=&#8221;1_2,1_2&#8243; _builder_version=&#8221;4.9.0&#8243; _module_preset=&#8221;default&#8221; custom_padding=&#8221;12px||12px|||&#8221;][et_pb_column type=&#8221;1_2&#8243; _builder_version=&#8221;4.9.0&#8243; _module_preset=&#8221;default&#8221;][et_pb_image src=&#8221;http:\/\/riversideluxurysuites.com\/wp-content\/uploads\/2020\/10\/1920&#215;516-1024&#215;275.png&#8221; alt=&#8221;Riverside Luxury Suites logo&#8221; title_text=&#8221;1920&#215;516&#8243; url=&#8221;http:\/\/riversideluxurysuites.com\/?lang=fi&#8221; _builder_version=&#8221;4.9.0&#8243; _module_preset=&#8221;default&#8221; max_width=&#8221;300px&#8221;][\/et_pb_image][\/et_pb_column][et_pb_column type=&#8221;1_2&#8243; _builder_version=&#8221;4.9.0&#8243; _module_preset=&#8221;default&#8221;][et_pb_menu _builder_version=&#8221;4.9.0&#8243; _module_preset=&#8221;default&#8221; menu_text_color=&#8221;#224E89&#8243; menu_font_size=&#8221;22px&#8221; custom_margin=&#8221;30px||||false|false&#8221;][\/et_pb_menu][\/et_pb_column][\/et_pb_row][\/et_pb_section][et_pb_section fb_built=&#8221;1&#8243; admin_label=&#8221;section&#8221; _builder_version=&#8221;3.22&#8243;][et_pb_row admin_label=&#8221;rivi&#8221; _builder_version=&#8221;3.25&#8243; background_size=&#8221;initial&#8221; background_position=&#8221;top_left&#8221; background_repeat=&#8221;repeat&#8221;][et_pb_column type=&#8221;4_4&#8243; _builder_version=&#8221;3.25&#8243; custom_padding=&#8221;|||&#8221; custom_padding__hover=&#8221;|||&#8221;][et_pb_text admin_label=&#8221;Text&#8221; _builder_version=&#8221;4.9.0&#8243; background_size=&#8221;initial&#8221; background_position=&#8221;top_left&#8221; background_repeat=&#8221;repeat&#8221;]<p>[mphb_rooms]<\/p>[\/et_pb_text][\/et_pb_column][\/et_pb_row][et_pb_row column_structure=&#8221;1_2,1_6,1_6,1_6&#8243; use_custom_gutter=&#8221;on&#8221; gutter_width=&#8221;1&#8243; _builder_version=&#8221;4.9.0&#8243; _module_preset=&#8221;default&#8221; global_module=&#8221;960&#8243;][et_pb_column type=&#8221;1_2&#8243; _builder_version=&#8221;4.9.0&#8243; _module_preset=&#8221;default&#8221;][et_pb_text _builder_version=&#8221;4.9.0&#8243; _module_preset=&#8221;default&#8221;]<h3>Rantasauna<\/h3>\n<p>Parhaan saunomis- ja uimiskokemuksen saamiseksi suosittelemme lis\u00e4\u00e4m\u00e4\u00e4n rantasaunan tilaukseesi. Saunarakennuksessa on takallinen pukuhuone, sauna sek\u00e4 poreallas.<\/p>\n<p>Voit lis\u00e4t\u00e4 saunan varaukseesi sen j\u00e4lkeen kun olet hyv\u00e4ksynyt varauksesi. Voit valita kuinka monelle p\u00e4iv\u00e4lle haluat rantasaunan.<\/p>\n<p><strong>Hinta:<\/strong> 75 \u20ac \/ per p\u00e4iv\u00e4 \/ per huoneisto<\/p>[\/et_pb_text][\/et_pb_column][et_pb_column type=&#8221;1_6&#8243; _builder_version=&#8221;4.9.0&#8243; _module_preset=&#8221;default&#8221;][et_pb_image src=&#8221;http:\/\/riversideluxurysuites.com\/wp-content\/uploads\/2021\/03\/Riverside-sauna-3.jpg&#8221; title_text=&#8221;Riverside-sauna-3&#8243; show_in_lightbox=&#8221;on&#8221; _builder_version=&#8221;4.9.0&#8243; _module_preset=&#8221;default&#8221; custom_padding=&#8221;|5px||5px|false|false&#8221; transform_styles__hover_enabled=&#8221;on|hover&#8221; transform_scale__hover_enabled=&#8221;on|hover&#8221; transform_translate__hover_enabled=&#8221;on|desktop&#8221; transform_rotate__hover_enabled=&#8221;on|desktop&#8221; transform_skew__hover_enabled=&#8221;on|desktop&#8221; transform_origin__hover_enabled=&#8221;on|desktop&#8221; transform_scale__hover=&#8221;105%|105%&#8221;][\/et_pb_image][\/et_pb_column][et_pb_column type=&#8221;1_6&#8243; _builder_version=&#8221;4.9.0&#8243; _module_preset=&#8221;default&#8221;][et_pb_image src=&#8221;http:\/\/riversideluxurysuites.com\/wp-content\/uploads\/2021\/03\/Riverside-sauna-1.jpg&#8221; title_text=&#8221;Riverside-sauna-1&#8243; show_in_lightbox=&#8221;on&#8221; _builder_version=&#8221;4.9.0&#8243; _module_preset=&#8221;default&#8221; custom_padding=&#8221;|5px||5px|false|false&#8221; locked=&#8221;off&#8221; transform_styles__hover_enabled=&#8221;on|hover&#8221; transform_scale__hover_enabled=&#8221;on|hover&#8221; transform_translate__hover_enabled=&#8221;on|desktop&#8221; transform_rotate__hover_enabled=&#8221;on|desktop&#8221; transform_skew__hover_enabled=&#8221;on|desktop&#8221; transform_origin__hover_enabled=&#8221;on|desktop&#8221; transform_scale__hover=&#8221;105%|105%&#8221;][\/et_pb_image][\/et_pb_column][et_pb_column type=&#8221;1_6&#8243; _builder_version=&#8221;4.9.0&#8243; _module_preset=&#8221;default&#8221;][et_pb_image src=&#8221;http:\/\/riversideluxurysuites.com\/wp-content\/uploads\/2021\/03\/Riverside-sauna-2.jpg&#8221; title_text=&#8221;Riverside-sauna-2&#8243; show_in_lightbox=&#8221;on&#8221; _builder_version=&#8221;4.9.0&#8243; _module_preset=&#8221;default&#8221; custom_padding=&#8221;|5px||5px|false|false&#8221; locked=&#8221;off&#8221; transform_styles__hover_enabled=&#8221;on|hover&#8221; transform_scale__hover_enabled=&#8221;on|hover&#8221; transform_translate__hover_enabled=&#8221;on|desktop&#8221; transform_rotate__hover_enabled=&#8221;on|desktop&#8221; transform_skew__hover_enabled=&#8221;on|desktop&#8221; transform_origin__hover_enabled=&#8221;on|desktop&#8221; transform_scale__hover=&#8221;105%|105%&#8221;][\/et_pb_image][\/et_pb_column][\/et_pb_row][\/et_pb_section][et_pb_section fb_built=&#8221;1&#8243; _builder_version=&#8221;4.9.0&#8243; _module_preset=&#8221;default&#8221; background_color=&#8221;#2d2d2d&#8221; custom_padding=&#8221;0px||0px|||&#8221; global_module=&#8221;699&#8243;][et_pb_row _builder_version=&#8221;4.9.0&#8243; _module_preset=&#8221;default&#8221; custom_padding=&#8221;9px||5px|||&#8221;][et_pb_column type=&#8221;4_4&#8243; _builder_version=&#8221;4.9.0&#8243; _module_preset=&#8221;default&#8221;][et_pb_text _builder_version=&#8221;4.9.0&#8243; _module_preset=&#8221;default&#8221;]<p><span style=\"color: #808080;\">Copyright: Lapin uudiskodit 2021 | Design <a href=\"http:\/\/www.evigo.fi\" target=\"_blank\" rel=\"noopener noreferrer\" style=\"color: #808080;\">EVIGO <\/a>| <a href=\"https:\/\/riversideluxurysuites.com\/fi\/tietosuoja-ja-rekisteriseloste\/\" style=\"color: #808080;\">Tietosuoja- ja rekisteriseloste<\/a><\/span><\/p>[\/et_pb_text][\/et_pb_column][\/et_pb_row][\/et_pb_section]","protected":false},"excerpt":{"rendered":"<p>[mphb_rooms]Rantasauna Parhaan saunomis- ja uimiskokemuksen saamiseksi suosittelemme lis\u00e4\u00e4m\u00e4\u00e4n rantasaunan tilaukseesi. Saunarakennuksessa on takallinen pukuhuone, sauna sek\u00e4 poreallas. Voit lis\u00e4t\u00e4 saunan varaukseesi sen j\u00e4lkeen kun olet hyv\u00e4ksynyt varauksesi. Voit valita kuinka monelle p\u00e4iv\u00e4lle haluat rantasaunan. Hinta: 75 \u20ac \/ per p\u00e4iv\u00e4 \/ per huoneistoCopyright: Lapin uudiskodit 2021 | Design EVIGO | Tietosuoja- ja rekisteriseloste<\/p>","protected":false},"author":1,"featured_media":0,"parent":0,"menu_order":0,"comment_status":"closed","ping_status":"closed","template":"page-template-blank.php","meta":{"_seopress_robots_primary_cat":"","_seopress_titles_title":"Huoneistot | Riverside Luxury Suites","_seopress_titles_desc":"Kaikista huoneistoistamme avautuu upea n\u00e4k\u00f6ala Kemijoelle.","_seopress_robots_index":"","_et_pb_use_builder":"on","_et_pb_old_content":"","_et_gb_content_width":"","footnotes":""},"class_list":["post-876","page","type-page","status-publish","hentry"],"_links":{"self":[{"href":"https:\/\/riversideluxurysuites.com\/fi\/wp-json\/wp\/v2\/pages\/876","targetHints":{"allow":["GET"]}}],"collection":[{"href":"https:\/\/riversideluxurysuites.com\/fi\/wp-json\/wp\/v2\/pages"}],"about":[{"href":"https:\/\/riversideluxurysuites.com\/fi\/wp-json\/wp\/v2\/types\/page"}],"author":[{"embeddable":true,"href":"https:\/\/riversideluxurysuites.com\/fi\/wp-json\/wp\/v2\/users\/1"}],"replies":[{"embeddable":true,"href":"https:\/\/riversideluxurysuites.com\/fi\/wp-json\/wp\/v2\/comments?post=876"}],"version-history":[{"count":7,"href":"https:\/\/riversideluxurysuites.com\/fi\/wp-json\/wp\/v2\/pages\/876\/revisions"}],"predecessor-version":[{"id":1078,"href":"https:\/\/riversideluxurysuites.com\/fi\/wp-json\/wp\/v2\/pages\/876\/revisions\/1078"}],"wp:attachment":[{"href":"https:\/\/riversideluxurysuites.com\/fi\/wp-json\/wp\/v2\/media?parent=876"}],"curies":[{"name":"wp","href":"https:\/\/api.w.org\/{rel}","templated":true}]}}